{"id":605,"date":"2023-03-01T17:29:17","date_gmt":"2023-03-01T17:29:17","guid":{"rendered":"https:\/\/centrodehigieneylimpieza.com.ar\/productos\/?post_type=product&#038;p=605"},"modified":"2023-12-14T15:40:25","modified_gmt":"2023-12-14T15:40:25","slug":"ayudin-ropa","status":"publish","type":"product","link":"https:\/\/centrodehigieneylimpieza.com.ar\/productos\/producto\/ayudin-ropa\/","title":{"rendered":"Quitamanchas Ayudin Blanco supremo x700 ml"},"content":{"rendered":"<p>Elimina el 99.9% de virus y bacterias de tu ropa.<br \/>\nHace lucir tu ropa blanca a\u00fan m\u00e1s blanca.<br \/>\nObten\u00e9 mejores resultados utilizando detergente solo<br \/>\nCont. neto 700 ml<\/p>\n","protected":false},"excerpt":{"rendered":"<p>Elimina el 99.9% de virus y bacterias de tu ropa. Hace lucir tu ropa blanca a\u00fan m\u00e1s blanca. Obten\u00e9 mejores resultados utilizando detergente solo Cont. neto 700 ml<\/p>\n","protected":false},"featured_media":608,"template":"","meta":[],"product_brand":[],"product_cat":[25],"product_tag":[],"class_list":{"0":"post-605","1":"product","2":"type-product","3":"status-publish","4":"has-post-thumbnail","6":"product_cat-lavanderia","8":"first","9":"onbackorder","10":"taxable","11":"shipping-taxable","12":"purchasable","13":"product-type-simple"},"_links":{"self":[{"href":"https:\/\/centrodehigieneylimpieza.com.ar\/productos\/wp-json\/wp\/v2\/product\/605","targetHints":{"allow":["GET"]}}],"collection":[{"href":"https:\/\/centrodehigieneylimpieza.com.ar\/productos\/wp-json\/wp\/v2\/product"}],"about":[{"href":"https:\/\/centrodehigieneylimpieza.com.ar\/productos\/wp-json\/wp\/v2\/types\/product"}],"wp:featuredmedia":[{"embeddable":true,"href":"https:\/\/centrodehigieneylimpieza.com.ar\/productos\/wp-json\/wp\/v2\/media\/608"}],"wp:attachment":[{"href":"https:\/\/centrodehigieneylimpieza.com.ar\/productos\/wp-json\/wp\/v2\/media?parent=605"}],"wp:term":[{"taxonomy":"product_brand","embeddable":true,"href":"https:\/\/centrodehigieneylimpieza.com.ar\/productos\/wp-json\/wp\/v2\/product_brand?post=605"},{"taxonomy":"product_cat","embeddable":true,"href":"https:\/\/centrodehigieneylimpieza.com.ar\/productos\/wp-json\/wp\/v2\/product_cat?post=605"},{"taxonomy":"product_tag","embeddable":true,"href":"https:\/\/centrodehigieneylimpieza.com.ar\/productos\/wp-json\/wp\/v2\/product_tag?post=605"}],"curies":[{"name":"wp","href":"https:\/\/api.w.org\/{rel}","templated":true}]}}